{"id":34377,"date":"2026-02-09T10:24:18","date_gmt":"2026-02-09T09:24:18","guid":{"rendered":"https:\/\/yellowsquare.com\/?page_id=34377"},"modified":"2026-02-25T11:24:23","modified_gmt":"2026-02-25T10:24:23","slug":"nossas-conquistas","status":"publish","type":"page","link":"https:\/\/yellowsquare.com\/pt-br\/nossas-conquistas\/","title":{"rendered":"Nossas conquistas"},"content":{"rendered":"<h2>Pr\u00eamios e indica\u00e7\u00f5es HOSCAR da Hostelworld<\/h2>\n<h3><span class=\"text-subtitle\"><strong>2026<\/strong><\/span><\/h3>\n<ul>\n<li>YellowSquare Roma \u2013 Vencedor \u2013 Hostel mais popular em Roma<\/li>\n<li>YellowSquare Atenas \u2013 Vencedor \u2013 Melhor hostel novo na Europa<\/li>\n<li>YellowSquare Floren\u00e7a \u2013 Vencedor \u2013 Hostel mais popular em Floren\u00e7a<\/li>\n<li>YellowSquare Floren\u00e7a \u2013 Vencedor \u2013 Melhor hostel de grande porte na Europa<\/li>\n<li>YellowSquare Floren\u00e7a \u2013 2\u00ba Lugar \u2013 Melhor hostel na It\u00e1lia<\/li>\n<li>YellowSquare Floren\u00e7a \u2013 7\u00ba Lugar \u2013 Melhor hostel na Europa<\/li>\n<\/ul>\n<h3><span class=\"text-subtitle\"><strong>2025<\/strong><\/span><\/h3>\n<ul>\n<li>YellowSquare Floren\u00e7a \u2013 3\u00ba Lugar \u2013 Melhor hostel de grande porte na Europa<\/li>\n<li>YellowSquare Floren\u00e7a \u2013 2\u00ba Lugar \u2013 Melhor hostel na It\u00e1lia<\/li>\n<li>YellowSquare Floren\u00e7a \u2013 Vencedor \u2013 Hostel mais popular em Floren\u00e7a<\/li>\n<li>YellowSquare Floren\u00e7a \u2013 6\u00ba Lugar \u2013 Melhor hostel na Europa<\/li>\n<li>YellowSquare Mil\u00e3o \u2013 Vencedor \u2013 Hostel mais popular em Mil\u00e3o<\/li>\n<\/ul>\n<h3><span class=\"text-subtitle\"><strong>2022<\/strong><\/span><\/h3>\n<ul>\n<li>YellowSquare Mil\u00e3o \u2013 Finalista \u2013 Revela\u00e7\u00e3o<\/li>\n<\/ul>\n<h3><span class=\"text-subtitle\"><strong>2021<\/strong><\/span><\/h3>\n<ul>\n<li>YellowSquare Roma \u2013 Finalista \u2013 Experi\u00eancia social extraordin\u00e1ria<\/li>\n<\/ul>\n<h3><span class=\"text-subtitle\"><strong>2020<\/strong><\/span><\/h3>\n<ul>\n<li>YellowSquare Roma &#8211; 4\u00ba Lugar \u2013 Melhor hostel extra grande no mundo<\/li>\n<\/ul>\n<h3><span class=\"text-subtitle\"><strong>2019<\/strong><\/span><\/h3>\n<ul>\n<li>YellowSquare Roma \u2013 Vencedor \u2013 Hostel mais popular<\/li>\n<\/ul>\n<h3><span class=\"text-subtitle\"><strong>2018<\/strong><\/span><\/h3>\n<ul>\n<li>YellowSquare Roma \u2013 Vencedor \u2013 Hostel mais popular<\/li>\n<\/ul>\n<h3><span class=\"text-subtitle\"><strong>2017<\/strong><\/span><\/h3>\n<ul>\n<li>YellowSquare Roma \u2013 Vencedor \u2013 Hostel mais popular<\/li>\n<\/ul>\n<h3><span class=\"text-subtitle\"><strong>2016<\/strong><\/span><\/h3>\n<ul>\n<li>YellowSquare Roma \u2013 Vencedor \u2013 Hostel mais popular<\/li>\n<\/ul>\n<h3><span class=\"text-subtitle\"><strong>2015<\/strong><\/span><\/h3>\n<ul>\n<li>YellowSquare Roma \u2013 Vencedor \u2013 Hostel mais popular<\/li>\n<\/ul>\n<h3><span class=\"text-subtitle\"><strong>2014<\/strong><\/span><\/h3>\n<ul>\n<li>YellowSquare Roma \u2013 Vencedor \u2013 Hostel mais popular<\/li>\n<\/ul>\n<h3><span class=\"text-subtitle\"><strong>2012<\/strong><\/span><\/h3>\n<ul>\n<li>YellowSquare Roma \u2013 Vencedor \u2013 Hostel mais popular<\/li>\n<\/ul>\n<h3><span class=\"text-subtitle\"><strong>2011<\/strong><\/span><\/h3>\n<ul>\n<li>YellowSquare Roma \u2013 Vencedor \u2013 Hostel n\u00ba 1 em Roma<\/li>\n<\/ul>\n<h3><span class=\"text-subtitle\"><strong>2004<\/strong><\/span><\/h3>\n<ul>\n<li>YellowSquare Roma \u2013 4\u00ba Lugar \u2013 Melhor hostel do mundo<\/li>\n<\/ul>\n","protected":false},"excerpt":{"rendered":"<p>Pr\u00eamios e indica\u00e7\u00f5es HOSCAR da Hostelworld 2026 YellowSquare Roma \u2013 Vencedor \u2013 Hostel mais popular em Roma YellowSquare Atenas \u2013&#8230;<\/p>\n","protected":false},"author":1,"featured_media":34047,"parent":0,"menu_order":0,"comment_status":"closed","ping_status":"closed","template":"blank-template.php","meta":{"_acf_changed":false,"footnotes":""},"class_list":["post-34377","page","type-page","status-publish","has-post-thumbnail","hentry"],"acf":[],"_links":{"self":[{"href":"https:\/\/yellowsquare.com\/pt-br\/wp-json\/wp\/v2\/pages\/34377","targetHints":{"allow":["GET"]}}],"collection":[{"href":"https:\/\/yellowsquare.com\/pt-br\/wp-json\/wp\/v2\/pages"}],"about":[{"href":"https:\/\/yellowsquare.com\/pt-br\/wp-json\/wp\/v2\/types\/page"}],"author":[{"embeddable":true,"href":"https:\/\/yellowsquare.com\/pt-br\/wp-json\/wp\/v2\/users\/1"}],"replies":[{"embeddable":true,"href":"https:\/\/yellowsquare.com\/pt-br\/wp-json\/wp\/v2\/comments?post=34377"}],"version-history":[{"count":0,"href":"https:\/\/yellowsquare.com\/pt-br\/wp-json\/wp\/v2\/pages\/34377\/revisions"}],"wp:featuredmedia":[{"embeddable":true,"href":"https:\/\/yellowsquare.com\/pt-br\/wp-json\/wp\/v2\/media\/34047"}],"wp:attachment":[{"href":"https:\/\/yellowsquare.com\/pt-br\/wp-json\/wp\/v2\/media?parent=34377"}],"curies":[{"name":"wp","href":"https:\/\/api.w.org\/{rel}","templated":true}]}}