{"id":34289,"date":"2026-02-11T13:13:34","date_gmt":"2026-02-11T12:13:34","guid":{"rendered":"https:\/\/yellowsquare.com\/?page_id=34289"},"modified":"2026-02-16T13:09:28","modified_gmt":"2026-02-16T12:09:28","slug":"milano","status":"publish","type":"page","link":"https:\/\/yellowsquare.com\/it\/recensioni\/milano\/","title":{"rendered":"Milano"},"content":{"rendered":"<p><span style=\"font-weight: 400;\">Situato nel quartiere <\/span><b>Porta Romana<\/b><span style=\"font-weight: 400;\">, YellowSquare Milano offre dormitori femminili, dormitori condivisi e camere private. Al posto del solito ufficio formale, abbiamo <\/span><b>Il Baretto<\/b><span style=\"font-weight: 400;\">: uno spazio <\/span><b>laptop-friendly<\/b><span style=\"font-weight: 400;\"> dove puoi lavorare, studiare e mangiare durante il giorno, prima che si trasformi in un punto di incontro per l&#8217;aperitivo. <\/span><b>Salone14<\/b><span style=\"font-weight: 400;\"> \u00e8 il nostro hub per gli eventi a Milano, un vero &#8220;it-spot&#8221; locale dove viaggiatori e milanesi si ritrovano per <\/span><b>musica dal vivo, DJ set, stand-up comedy e karaoke<\/b><span style=\"font-weight: 400;\">. \u00c8 molto pi\u00f9 di un ostello, \u00e8 il centro della vita notturna senza dover cercare altrui.<\/span><\/p>\n","protected":false},"excerpt":{"rendered":"<p>Situato nel quartiere Porta Romana, YellowSquare Milano offre dormitori femminili, dormitori condivisi e camere private. Al posto del solito ufficio&#8230;<\/p>\n","protected":false},"author":1,"featured_media":0,"parent":15005,"menu_order":0,"comment_status":"closed","ping_status":"closed","template":"reviews.php","meta":{"_acf_changed":false,"footnotes":""},"class_list":["post-34289","page","type-page","status-publish","hentry"],"acf":[],"_links":{"self":[{"href":"https:\/\/yellowsquare.com\/it\/wp-json\/wp\/v2\/pages\/34289","targetHints":{"allow":["GET"]}}],"collection":[{"href":"https:\/\/yellowsquare.com\/it\/wp-json\/wp\/v2\/pages"}],"about":[{"href":"https:\/\/yellowsquare.com\/it\/wp-json\/wp\/v2\/types\/page"}],"author":[{"embeddable":true,"href":"https:\/\/yellowsquare.com\/it\/wp-json\/wp\/v2\/users\/1"}],"replies":[{"embeddable":true,"href":"https:\/\/yellowsquare.com\/it\/wp-json\/wp\/v2\/comments?post=34289"}],"version-history":[{"count":0,"href":"https:\/\/yellowsquare.com\/it\/wp-json\/wp\/v2\/pages\/34289\/revisions"}],"up":[{"embeddable":true,"href":"https:\/\/yellowsquare.com\/it\/wp-json\/wp\/v2\/pages\/15005"}],"wp:attachment":[{"href":"https:\/\/yellowsquare.com\/it\/wp-json\/wp\/v2\/media?parent=34289"}],"curies":[{"name":"wp","href":"https:\/\/api.w.org\/{rel}","templated":true}]}}