{"id":34288,"date":"2026-02-11T13:11:33","date_gmt":"2026-02-11T12:11:33","guid":{"rendered":"https:\/\/yellowsquare.com\/?page_id=34288"},"modified":"2026-02-16T13:08:15","modified_gmt":"2026-02-16T12:08:15","slug":"roma","status":"publish","type":"page","link":"https:\/\/yellowsquare.com\/it\/recensioni\/roma\/","title":{"rendered":"Roma"},"content":{"rendered":"<p><span style=\"font-weight: 400;\">YellowSquare Roma si trova a 10 minuti a piedi dal centro ed \u00e8 la base ideale per chi viaggia da solo (<\/span><b>solo-traveler friendly<\/b><span style=\"font-weight: 400;\">). Abbiamo dormitori (anche solo femminili) e stanze private per ogni tipo di viaggiatore. Se hai bisogno di produrre, <\/span><b>SmartSquare<\/b><span style=\"font-weight: 400;\"> \u00e8 il nostro <\/span><b>spazio coworking<\/b><span style=\"font-weight: 400;\">. Per il cibo e il mood sociale, lo <\/span><b>Yellow Bar<\/b><span style=\"font-weight: 400;\"> \u00e8 il nostro ristorante principale e hub per gli eventi come karaoke e Dj set, mentre l\u2019<\/span><b>Arcade<\/b><span style=\"font-weight: 400;\"> nel basement ospita stand-up comedy e attivit\u00e0. Lo ostello \u00e8 il posto perfetto per incontrare viaggiatori, bere un drink, esplorare la citt\u00e0 con nuovi amici e connettersi con la nostra global community.<\/span><\/p>\n","protected":false},"excerpt":{"rendered":"<p>YellowSquare Roma si trova a 10 minuti a piedi dal centro ed \u00e8 la base ideale per chi viaggia da&#8230;<\/p>\n","protected":false},"author":1,"featured_media":0,"parent":15005,"menu_order":0,"comment_status":"closed","ping_status":"closed","template":"reviews.php","meta":{"_acf_changed":false,"footnotes":""},"class_list":["post-34288","page","type-page","status-publish","hentry"],"acf":[],"_links":{"self":[{"href":"https:\/\/yellowsquare.com\/it\/wp-json\/wp\/v2\/pages\/34288","targetHints":{"allow":["GET"]}}],"collection":[{"href":"https:\/\/yellowsquare.com\/it\/wp-json\/wp\/v2\/pages"}],"about":[{"href":"https:\/\/yellowsquare.com\/it\/wp-json\/wp\/v2\/types\/page"}],"author":[{"embeddable":true,"href":"https:\/\/yellowsquare.com\/it\/wp-json\/wp\/v2\/users\/1"}],"replies":[{"embeddable":true,"href":"https:\/\/yellowsquare.com\/it\/wp-json\/wp\/v2\/comments?post=34288"}],"version-history":[{"count":0,"href":"https:\/\/yellowsquare.com\/it\/wp-json\/wp\/v2\/pages\/34288\/revisions"}],"up":[{"embeddable":true,"href":"https:\/\/yellowsquare.com\/it\/wp-json\/wp\/v2\/pages\/15005"}],"wp:attachment":[{"href":"https:\/\/yellowsquare.com\/it\/wp-json\/wp\/v2\/media?parent=34288"}],"curies":[{"name":"wp","href":"https:\/\/api.w.org\/{rel}","templated":true}]}}